{"id":2,"date":"2016-05-10T03:48:21","date_gmt":"2016-05-10T03:48:21","guid":{"rendered":"https:\/\/fryzjer-sosnowiec.com.pl\/?page_id=2"},"modified":"2018-04-08T17:47:20","modified_gmt":"2018-04-08T17:47:20","slug":"sample-page","status":"publish","type":"page","link":"https:\/\/fryzjer-sosnowiec.com.pl\/","title":{"rendered":"O Nas"},"content":{"rendered":"<p>Witamy na stronie naszego salonu fryzjerskiego.<\/p>\n<p>Istniejemy na rynku od 1999 roku<\/p>\n<p>Nasz salon zajmuje si\u0119 fryzjerstwem damsko &#8211; m\u0119skim , dzi\u0119ki pasji i wieloletniemu do\u015bwiadczeniu nasz salon \u015bwiadczy us\u0142ugi na najwy\u017cszym poziomie w przyst\u0119pnych cenach .<\/p>\n<p>Zapraszamy do skorzystania z szerokiej gamy naszych us\u0142ug : Naprawa i poprawa zniszczonych fryzur , ombre , sombre ,farbowania , koki , trwa\u0142a , baleyage , iron repair itd , oraz fryzury m\u0119skie<\/p>\n<p>Um\u00f3w si\u0119 ju\u017c dzi\u015b 512-820-657<\/p>\n<p>Bia\u0142ostocka 21 Sosnowiec<\/p>\n<p>&nbsp;<\/p>\n<p>Serdecznie Zapraszamy<\/p>\n<p>&nbsp;<\/p>\n<p>Polub nas na facebook\u00a0https:\/\/www.facebook.com\/Szalone-No\u017cyczki-1807435095967256\/<\/p>\n","protected":false},"excerpt":{"rendered":"<p>Witamy na stronie naszego salonu fryzjerskiego. Istniejemy na rynku od 1999 roku Nasz salon zajmuje si\u0119 fryzjerstwem damsko &#8211; m\u0119skim , dzi\u0119ki pasji i wieloletniemu do\u015bwiadczeniu nasz salon \u015bwiadczy us\u0142ugi na najwy\u017cszym poziomie w przyst\u0119pnych[&#8230;]<\/p>\n","protected":false},"author":1,"featured_media":0,"parent":0,"menu_order":0,"comment_status":"closed","ping_status":"open","template":"","meta":[],"_links":{"self":[{"href":"https:\/\/fryzjer-sosnowiec.com.pl\/index.php?rest_route=\/wp\/v2\/pages\/2"}],"collection":[{"href":"https:\/\/fryzjer-sosnowiec.com.pl\/index.php?rest_route=\/wp\/v2\/pages"}],"about":[{"href":"https:\/\/fryzjer-sosnowiec.com.pl\/index.php?rest_route=\/wp\/v2\/types\/page"}],"author":[{"embeddable":true,"href":"https:\/\/fryzjer-sosnowiec.com.pl\/index.php?rest_route=\/wp\/v2\/users\/1"}],"replies":[{"embeddable":true,"href":"https:\/\/fryzjer-sosnowiec.com.pl\/index.php?rest_route=%2Fwp%2Fv2%2Fcomments&post=2"}],"version-history":[{"count":6,"href":"https:\/\/fryzjer-sosnowiec.com.pl\/index.php?rest_route=\/wp\/v2\/pages\/2\/revisions"}],"predecessor-version":[{"id":49,"href":"https:\/\/fryzjer-sosnowiec.com.pl\/index.php?rest_route=\/wp\/v2\/pages\/2\/revisions\/49"}],"wp:attachment":[{"href":"https:\/\/fryzjer-sosnowiec.com.pl\/index.php?rest_route=%2Fwp%2Fv2%2Fmedia&parent=2"}],"curies":[{"name":"wp","href":"https:\/\/api.w.org\/{rel}","templated":true}]}}