{"id":43,"date":"2018-04-08T17:03:10","date_gmt":"2018-04-08T17:03:10","guid":{"rendered":"https:\/\/fryzjer-sosnowiec.com.pl\/?page_id=43"},"modified":"2018-04-08T17:04:00","modified_gmt":"2018-04-08T17:04:00","slug":"kontakt","status":"publish","type":"page","link":"https:\/\/fryzjer-sosnowiec.com.pl\/?page_id=43","title":{"rendered":"Kontakt"},"content":{"rendered":"<p>Salon Fryzjerski Szalone No\u017cyczki<\/p>\n<p>ul. Bia\u0142ostocka 21 Sosnowiec &#8211; Zag\u00f3rze<\/p>\n<p>tel : 512-820 -657<\/p>\n<p>Czynne:<\/p>\n<p>Pn &#8211; pt : 10 &#8211; 17<\/p>\n<p>Sobota : 10- 13<\/p>\n","protected":false},"excerpt":{"rendered":"<p>Salon Fryzjerski Szalone No\u017cyczki ul. Bia\u0142ostocka 21 Sosnowiec &#8211; Zag\u00f3rze tel : 512-820 -657 Czynne: Pn &#8211; pt : 10 &#8211; 17 Sobota : 10- 13<\/p>\n","protected":false},"author":1,"featured_media":0,"parent":0,"menu_order":0,"comment_status":"closed","ping_status":"closed","template":"","meta":[],"_links":{"self":[{"href":"https:\/\/fryzjer-sosnowiec.com.pl\/index.php?rest_route=\/wp\/v2\/pages\/43"}],"collection":[{"href":"https:\/\/fryzjer-sosnowiec.com.pl\/index.php?rest_route=\/wp\/v2\/pages"}],"about":[{"href":"https:\/\/fryzjer-sosnowiec.com.pl\/index.php?rest_route=\/wp\/v2\/types\/page"}],"author":[{"embeddable":true,"href":"https:\/\/fryzjer-sosnowiec.com.pl\/index.php?rest_route=\/wp\/v2\/users\/1"}],"replies":[{"embeddable":true,"href":"https:\/\/fryzjer-sosnowiec.com.pl\/index.php?rest_route=%2Fwp%2Fv2%2Fcomments&post=43"}],"version-history":[{"count":2,"href":"https:\/\/fryzjer-sosnowiec.com.pl\/index.php?rest_route=\/wp\/v2\/pages\/43\/revisions"}],"predecessor-version":[{"id":45,"href":"https:\/\/fryzjer-sosnowiec.com.pl\/index.php?rest_route=\/wp\/v2\/pages\/43\/revisions\/45"}],"wp:attachment":[{"href":"https:\/\/fryzjer-sosnowiec.com.pl\/index.php?rest_route=%2Fwp%2Fv2%2Fmedia&parent=43"}],"curies":[{"name":"wp","href":"https:\/\/api.w.org\/{rel}","templated":true}]}}